{"id":3,"date":"2025-08-25T15:24:21","date_gmt":"2025-08-25T15:24:21","guid":{"rendered":"https:\/\/molinosagro.com.ar\/?page_id=3"},"modified":"2025-12-18T17:52:25","modified_gmt":"2025-12-18T17:52:25","slug":"terminos-y-condiciones","status":"publish","type":"page","link":"https:\/\/molinosagro.com.ar\/en\/terminos-y-condiciones\/","title":{"rendered":"T\u00e9rminos y Condiciones"},"content":{"rendered":"<div data-elementor-type=\"wp-page\" data-elementor-id=\"3\" class=\"elementor elementor-3\" data-elementor-post-type=\"page\">\n\t\t\t\t<div class=\"elementor-element elementor-element-cc8097e e-flex e-con-boxed e-con e-parent\" data-id=\"cc8097e\" data-element_type=\"container\" data-settings=\"{&quot;background_background&quot;:&quot;classic&quot;}\">\n\t\t\t\t\t<div class=\"e-con-inner\">\n\t\t\t\t<div class=\"elementor-element elementor-element-6345f4b elementor-widget elementor-widget-heading\" data-id=\"6345f4b\" data-element_type=\"widget\" data-widget_type=\"heading.default\">\n\t\t\t\t\t<h4 class=\"elementor-heading-title elementor-size-default\">T\u00e9rminos y Condiciones<\/h4>\t\t\t\t<\/div>\n\t\t\t\t\t<\/div>\n\t\t\t\t<\/div>\n\t\t<div class=\"elementor-element elementor-element-4c5b6c86 e-flex e-con-boxed e-con e-parent\" data-id=\"4c5b6c86\" data-element_type=\"container\">\n\t\t\t\t\t<div class=\"e-con-inner\">\n\t\t\t\t<div class=\"elementor-element elementor-element-316261a elementor-widget elementor-widget-heading\" data-id=\"316261a\" data-element_type=\"widget\" data-widget_type=\"heading.default\">\n\t\t\t\t\t<h6 class=\"elementor-heading-title elementor-size-default\">Uso y acceso<\/h6>\t\t\t\t<\/div>\n\t\t\t\t<div class=\"elementor-element elementor-element-f0f544f elementor-widget elementor-widget-text-editor\" data-id=\"f0f544f\" data-element_type=\"widget\" data-widget_type=\"text-editor.default\">\n\t\t\t\t\t\t\t\t\t<p>Estos t\u00e9rminos y condiciones (en adelante, los \u201cT\u00e9rminos y Condiciones\u201d) se aplicar\u00e1n a los usuarios (en adelante \u201cUsuario\u201d o \u201cUsuarios\u201d indistintamente), al uso y al acceso al servicio, y a la p\u00e1gina web www.molinosagro-com-ar-839522.hostingersite.com (en adelante, la \u201cP\u00e1gina Web\u201d).<\/p>\n<p><b>Se entender\u00e1 por Usuario a toda aquella persona que accede al sitio, que acceda, navegue, utilice o participe en los servicios y actividades desarrollados en la P\u00e1gina Web.<\/b><\/p>\t\t\t\t\t\t\t\t<\/div>\n\t\t\t\t<div class=\"elementor-element elementor-element-b9e980c elementor-widget elementor-widget-heading\" data-id=\"b9e980c\" data-element_type=\"widget\" data-widget_type=\"heading.default\">\n\t\t\t\t\t<h6 class=\"elementor-heading-title elementor-size-default\">Obligaciones de los usuarios.<\/h6>\t\t\t\t<\/div>\n\t\t\t\t<div class=\"elementor-element elementor-element-13728bd9 elementor-widget elementor-widget-text-editor\" data-id=\"13728bd9\" data-element_type=\"widget\" data-widget_type=\"text-editor.default\">\n\t\t\t\t\t\t\t\t\t<p>La <strong>utilizaci\u00f3n de esta P\u00e1gina Web implica la aceptaci\u00f3n de estos T\u00e9rminos y Condiciones por parte del Usuario<\/strong>, quien se compromete a utilizar la P\u00e1gina Web de <b>conformidad con la ley de la Rep\u00fablica Argentina<\/b> relativas a cualquier producto o servicio ofrecido en la P\u00e1gina Web, y se somete a la jurisdicci\u00f3n de los tribunales ordinarios correspondientes. El Usuario se compromete asimismo, a respetar la moral y buenas costumbres generalmente aceptadas y el orden p\u00fablico.<\/p>\n<p>Los Usuarios ser\u00e1n responsables por la confidencialidad y el uso de su identificaci\u00f3n de usuario y su contrase\u00f1a (tanto por el usuario u otra persona). El Usuario debe seguir cualquier instrucci\u00f3n razonable dada a trav\u00e9s de esta P\u00e1gina Web, para asegurar la confidencialidad de la identificaci\u00f3n del usuario y prevenir que cualquier persona no autorizada acceda al servicio. Cualquier orden, aceptaci\u00f3n ejecutada bajo la identificaci\u00f3n y contrase\u00f1a del usuario ser\u00e1 interpretada como realizada por el Usuario autorizado. <b>Las violaciones de estos T\u00e9rminos y Condiciones dar\u00e1n derecho a Molinos Agro S.A. (en adelante, \u201cMOA\u201d), y\/o a qui\u00e9n \u00e9ste designe, a quitar la calidad de Usuario registrado a los infractores, y por ende no permitirles el acceso a la P\u00e1gina Web.<\/b><\/p>\t\t\t\t\t\t\t\t<\/div>\n\t\t\t\t<div class=\"elementor-element elementor-element-b7bf5d3 elementor-widget elementor-widget-heading\" data-id=\"b7bf5d3\" data-element_type=\"widget\" data-widget_type=\"heading.default\">\n\t\t\t\t\t<h6 class=\"elementor-heading-title elementor-size-default\">Propiedad intelectual.<\/h6>\t\t\t\t<\/div>\n\t\t\t\t<div class=\"elementor-element elementor-element-ba67930 elementor-widget elementor-widget-text-editor\" data-id=\"ba67930\" data-element_type=\"widget\" data-widget_type=\"text-editor.default\">\n\t\t\t\t\t\t\t\t\t<p>Todos los contenidos de esta P\u00e1gina Web, incluyendo, sin car\u00e1cter limitativo: los textos (incluyendo los comentarios, exposiciones y reproducciones), gr\u00e1ficos, logos, iconos, im\u00e1genes, archivos de audio y video, software y todas y cada una de las caracter\u00edsticas que se encuentran en la P\u00e1gina Web son propiedad exclusiva de MOA de forma permanente. El usuario acuerda no hacer nada que viole o infrinja esta propiedad intelectual, y aceptar todas las medidas necesarias para preservar y proteger estos derechos.<\/p>\n<p><b>Los contenidos est\u00e1n protegidos por los derechos de autor y se encuentra terminantemente prohibido al Usuario modificar, copiar, reproducir, republicar, traducir, usar la informaci\u00f3n, transmitir o distribuir de alguna manera los contenidos de la p\u00e1gina Web.<\/b><\/p>\t\t\t\t\t\t\t\t<\/div>\n\t\t\t\t<div class=\"elementor-element elementor-element-c0de6fd elementor-widget elementor-widget-heading\" data-id=\"c0de6fd\" data-element_type=\"widget\" data-widget_type=\"heading.default\">\n\t\t\t\t\t<h6 class=\"elementor-heading-title elementor-size-default\">Limitaci\u00f3n de la responsabilidad.<\/h6>\t\t\t\t<\/div>\n\t\t\t\t<div class=\"elementor-element elementor-element-46d9e72 elementor-widget elementor-widget-text-editor\" data-id=\"46d9e72\" data-element_type=\"widget\" data-widget_type=\"text-editor.default\">\n\t\t\t\t\t\t\t\t\t<p>El uso de esta P\u00e1gina Web se realizar\u00e1 bajo la \u00fanica y exclusiva responsabilidad del Usuario. Dicha responsabilidad se extender\u00e1 al uso, por parte del Usuario o de cualquier tercero, de cualesquiera contrase\u00f1a o similares asignadas para el acceso a la P\u00e1gina Web o a cualesquiera de sus servicios. Sin perjuicio de lo anterior, la P\u00e1gina Web se reserva el derecho a denegar en cualquier momento y sin necesidad de aviso previo, el acceso a la P\u00e1gina Web, a aquellos usuarios que incumplan estas condiciones generales, o las particulares que en cada caso les sean de aplicaci\u00f3n.<\/p>\n<p>El Usuario asume total responsabilidad frente a MOA y a terceros por los da\u00f1os y perjuicios de toda clase que se generen o puedan ocasionar como consecuencia del uso de la P\u00e1gina Web, debiendo el Usuario indemnizar y mantener indemne a MOA y a terceros ante cualquier reclamo (incluyendo honorarios profesionales) que pudiera corresponder en los supuestos indicados.<br \/><br \/>El acceso y uso de esta P\u00e1gina Web por menores de edad, es exclusiva responsabilidad de sus padres y tutores, y su utilizaci\u00f3n implica la autorizaci\u00f3n de los mayores para ello, eximi\u00e9ndose a MOA de cualquier responsabilidad al respecto.<\/p>\n<p><strong>El Usuario y su padre, madre y\/o tutor \u2013en el caso de que el Usuario fuere menor de edad- comprenden <\/strong><strong>y aceptan que:<\/strong><\/p>\n<p>a) la utilizaci\u00f3n de la P\u00e1gina Web es a su s\u00f3lo riesgo;<\/p>\n<p>b) MOA no garantiza que la P\u00e1gina Web sea adecuada a sus necesidades;<\/p>\n<p>c) la P\u00e1gina Web puede ser suspendida o interrumpida;<\/p>\n<p>d) la P\u00e1gina Web puede contener errores;<\/p>\n<p>e) MOA se reserva el derecho a terminar la P\u00e1gina Web;<\/p>\n<p>f) MOA no ser\u00e1 responsable por ning\u00fan da\u00f1o o perjuicio, directo o indirecto, incluyendo, sin ning\u00fan tipo de limitaci\u00f3n, da\u00f1os producidos por la p\u00e9rdida o deterioro de informaci\u00f3n;<\/p>\n<p>g) es el \u00fanico responsable de los contenidos de la informaci\u00f3n que se transmite a trav\u00e9s de la P\u00e1gina Web.<\/p>\t\t\t\t\t\t\t\t<\/div>\n\t\t\t\t<div class=\"elementor-element elementor-element-a3400a4 elementor-widget elementor-widget-heading\" data-id=\"a3400a4\" data-element_type=\"widget\" data-widget_type=\"heading.default\">\n\t\t\t\t\t<h6 class=\"elementor-heading-title elementor-size-default\">Duraci\u00f3n y modificaci\u00f3n.<\/h6>\t\t\t\t<\/div>\n\t\t\t\t<div class=\"elementor-element elementor-element-e1dea3a elementor-widget elementor-widget-text-editor\" data-id=\"e1dea3a\" data-element_type=\"widget\" data-widget_type=\"text-editor.default\">\n\t\t\t\t\t\t\t\t\t<p>MOA podr\u00e1 modificar los t\u00e9rminos y condiciones aqu\u00ed estipulados, total o parcialmente, publicando cualquier cambio en la misma forma en que aparecen estas condiciones generales o a trav\u00e9s de cualquier tipo de comunicaci\u00f3n dirigida a los Usuarios. La vigencia temporal de estos t\u00e9rminos y condiciones coincide, por lo tanto, con el tiempo de su exposici\u00f3n en la P\u00e1gina Web y hasta que sean modificados total o parcialmente.<br \/>MOA podr\u00e1 dar por terminado, suspender o interrumpir, en cualquier momento sin necesidad de preaviso, el acceso a los contenidos de la P\u00e1gina Web, sin posibilidad por parte del Usuario de exigir indemnizaci\u00f3n alguna. Tras dicha extinci\u00f3n, seguir\u00e1n vigentes las prohibiciones de uso de los contenidos expuestas anteriormente en el presente reglamento general.<\/p>\t\t\t\t\t\t\t\t<\/div>\n\t\t\t\t<div class=\"elementor-element elementor-element-9bfffb0 elementor-widget elementor-widget-heading\" data-id=\"9bfffb0\" data-element_type=\"widget\" data-widget_type=\"heading.default\">\n\t\t\t\t\t<h6 class=\"elementor-heading-title elementor-size-default\">Protecci\u00f3n de datos personales.<\/h6>\t\t\t\t<\/div>\n\t\t\t\t<div class=\"elementor-element elementor-element-0f0b4ea elementor-widget elementor-widget-text-editor\" data-id=\"0f0b4ea\" data-element_type=\"widget\" data-widget_type=\"text-editor.default\">\n\t\t\t\t\t\t\t\t\t<p>El titular de los datos personales tiene la facultad de ejercer el derecho de acceso a los mismos en forma gratuita a intervalos no inferiores a seis meses, salvo que acredite un inter\u00e9s leg\u00edtimo al efecto conforme lo establecido en el <b>art\u00edculo 14<\/b>, inciso <b>3 de la Ley 25.326<\/b>. La <b>DIRECCI\u00d3N NACIONAL DE PROTECCI\u00d3N DE DATOS PERSONALES<\/b>, \u00d3rgano de Control de la <b>Ley N\u00b0 25.326<\/b>, tiene la atribuci\u00f3n de atender las denuncias y reclamos que se interpongan con relaci\u00f3n al incumplimiento de las normas sobre protecci\u00f3n de datos personales. El titular podr\u00e1, en cualquier momento, solicitar el retiro o bloqueo de su nombre de los bancos de datos a los que se refiere el presente art\u00edculo (<b>Ley 25.326 \u2013 art. 27, inc. 3<\/b>)<\/p>\t\t\t\t\t\t\t\t<\/div>\n\t\t\t\t\t<\/div>\n\t\t\t\t<\/div>\n\t\t\t\t<\/div>","protected":false},"excerpt":{"rendered":"<p>T\u00e9rminos y Condiciones Uso y acceso Estos t\u00e9rminos y condiciones (en adelante, los \u201cT\u00e9rminos y Condiciones\u201d) se aplicar\u00e1n a los usuarios (en adelante \u201cUsuario\u201d o \u201cUsuarios\u201d indistintamente), al uso y al acceso al servicio, y a la p\u00e1gina web www.molinosagro-com-ar-839522.hostingersite.com (en adelante, la \u201cP\u00e1gina Web\u201d). Se entender\u00e1 por Usuario a toda aquella persona que accede [&hellip;]<\/p>","protected":false},"author":1,"featured_media":0,"parent":0,"menu_order":0,"comment_status":"closed","ping_status":"open","template":"elementor_header_footer","meta":{"footnotes":""},"class_list":["post-3","page","type-page","status-publish","hentry"],"_links":{"self":[{"href":"https:\/\/molinosagro.com.ar\/en\/wp-json\/wp\/v2\/pages\/3","targetHints":{"allow":["GET"]}}],"collection":[{"href":"https:\/\/molinosagro.com.ar\/en\/wp-json\/wp\/v2\/pages"}],"about":[{"href":"https:\/\/molinosagro.com.ar\/en\/wp-json\/wp\/v2\/types\/page"}],"author":[{"embeddable":true,"href":"https:\/\/molinosagro.com.ar\/en\/wp-json\/wp\/v2\/users\/1"}],"replies":[{"embeddable":true,"href":"https:\/\/molinosagro.com.ar\/en\/wp-json\/wp\/v2\/comments?post=3"}],"version-history":[{"count":19,"href":"https:\/\/molinosagro.com.ar\/en\/wp-json\/wp\/v2\/pages\/3\/revisions"}],"predecessor-version":[{"id":975,"href":"https:\/\/molinosagro.com.ar\/en\/wp-json\/wp\/v2\/pages\/3\/revisions\/975"}],"wp:attachment":[{"href":"https:\/\/molinosagro.com.ar\/en\/wp-json\/wp\/v2\/media?parent=3"}],"curies":[{"name":"wp","href":"https:\/\/api.w.org\/{rel}","templated":true}]}}